{"id":105,"date":"2024-04-26T18:35:58","date_gmt":"2024-04-26T16:35:58","guid":{"rendered":"http:\/\/ikhxojz.cluster029.hosting.ovh.net\/?page_id=105"},"modified":"2024-07-19T18:27:40","modified_gmt":"2024-07-19T16:27:40","slug":"nous-contacter","status":"publish","type":"page","link":"https:\/\/agencerozo.fr\/index.php\/nous-contacter\/","title":{"rendered":"Contact"},"content":{"rendered":"\t\t<div data-elementor-type=\"wp-page\" data-elementor-id=\"105\" class=\"elementor elementor-105\">\n\t\t\t\t<div class=\"elementor-element elementor-element-252e94a e-flex e-con-boxed e-con e-parent\" data-id=\"252e94a\" data-element_type=\"container\">\n\t\t\t\t\t<div class=\"e-con-inner\">\n\t\t<div class=\"elementor-element elementor-element-b7cd30c e-grid e-con-boxed e-con e-child\" data-id=\"b7cd30c\" data-element_type=\"container\">\n\t\t\t\t\t<div class=\"e-con-inner\">\n\t\t\t\t<div class=\"elementor-element elementor-element-f07e533 elementor-widget elementor-widget-image\" data-id=\"f07e533\" data-element_type=\"widget\" data-widget_type=\"image.default\">\n\t\t\t\t<div class=\"elementor-widget-container\">\n\t\t\t<style>\/*! elementor - v3.23.0 - 15-07-2024 *\/\n.elementor-widget-image{text-align:center}.elementor-widget-image a{display:inline-block}.elementor-widget-image a img[src$=\".svg\"]{width:48px}.elementor-widget-image img{vertical-align:middle;display:inline-block}<\/style>\t\t\t\t\t\t\t\t\t\t<img fetchpriority=\"high\" decoding=\"async\" width=\"300\" height=\"212\" src=\"https:\/\/agencerozo.fr\/wp-content\/uploads\/2024\/04\/Nous-contacter-300x212.jpg\" class=\"attachment-medium size-medium wp-image-145\" alt=\"\" srcset=\"https:\/\/agencerozo.fr\/wp-content\/uploads\/2024\/04\/Nous-contacter-300x212.jpg 300w, https:\/\/agencerozo.fr\/wp-content\/uploads\/2024\/04\/Nous-contacter-1024x724.jpg 1024w, https:\/\/agencerozo.fr\/wp-content\/uploads\/2024\/04\/Nous-contacter.jpg 1280w\" sizes=\"100vw\" \/>\t\t\t\t\t\t\t\t\t\t\t\t\t<\/div>\n\t\t\t\t<\/div>\n\t\t\t\t<div class=\"elementor-element elementor-element-4438776 elementor-widget elementor-widget-text-editor\" data-id=\"4438776\" data-element_type=\"widget\" data-widget_type=\"text-editor.default\">\n\t\t\t\t<div class=\"elementor-widget-container\">\n\t\t\t<style>\/*! elementor - v3.23.0 - 15-07-2024 *\/\n.elementor-widget-text-editor.elementor-drop-cap-view-stacked .elementor-drop-cap{background-color:#69727d;color:#fff}.elementor-widget-text-editor.elementor-drop-cap-view-framed .elementor-drop-cap{color:#69727d;border:3px solid;background-color:transparent}.elementor-widget-text-editor:not(.elementor-drop-cap-view-default) .elementor-drop-cap{margin-top:8px}.elementor-widget-text-editor:not(.elementor-drop-cap-view-default) .elementor-drop-cap-letter{width:1em;height:1em}.elementor-widget-text-editor .elementor-drop-cap{float:left;text-align:center;line-height:1;font-size:50px}.elementor-widget-text-editor .elementor-drop-cap-letter{display:inline-block}<\/style>\t\t\t\t<p>Vous avez des projets d&rsquo;achat, de r\u00e9novation, de construction ?<\/p><p>N&rsquo;h\u00e9sitez pas \u00e0 me contacter : \u00a0<\/p><ul><li>Par t\u00e9l\u00e9phone au 06.61.19.09.84<\/li><li>Par mail : contact@agencerozo.fr<\/li><\/ul>\t\t\t\t\t\t<\/div>\n\t\t\t\t<\/div>\n\t\t\t\t\t<\/div>\n\t\t\t\t<\/div>\n\t\t\t\t\t<\/div>\n\t\t\t\t<\/div>\n\t\t\t\t<\/div>\n\t\t","protected":false},"excerpt":{"rendered":"<p>Vous avez des projets d&rsquo;achat, de r\u00e9novation, de construction ? N&rsquo;h\u00e9sitez pas \u00e0 me contacter : \u00a0 Par t\u00e9l\u00e9phone au 06.61.19.09.84 Par mail : contact@agencerozo.fr<\/p>\n","protected":false},"author":1,"featured_media":0,"parent":0,"menu_order":0,"comment_status":"closed","ping_status":"closed","template":"","meta":{"footnotes":""},"class_list":["post-105","page","type-page","status-publish","hentry"],"yoast_head":"<!-- This site is optimized with the Yoast SEO plugin v23.0 - https:\/\/yoast.com\/wordpress\/plugins\/seo\/ -->\n<title>Contact - Agence Rozo<\/title>\n<meta name=\"description\" content=\"Des constructions, des r\u00e9novations ? N&#039;h\u00e9sitez pas \u00e0 nous contacter pour construire ensemble votre projet.\" \/>\n<meta name=\"robots\" content=\"index, follow, max-snippet:-1, max-image-preview:large, max-video-preview:-1\" \/>\n<link rel=\"canonical\" href=\"https:\/\/agencerozo.fr\/index.php\/nous-contacter\/\" \/>\n<meta property=\"og:locale\" content=\"fr_FR\" \/>\n<meta property=\"og:type\" content=\"article\" \/>\n<meta property=\"og:title\" content=\"Contact - Agence Rozo\" \/>\n<meta property=\"og:description\" content=\"Des constructions, des r\u00e9novations ? N&#039;h\u00e9sitez pas \u00e0 nous contacter pour construire ensemble votre projet.\" \/>\n<meta property=\"og:url\" content=\"https:\/\/agencerozo.fr\/index.php\/nous-contacter\/\" \/>\n<meta property=\"og:site_name\" content=\"Agence Rozo\" \/>\n<meta property=\"article:modified_time\" content=\"2024-07-19T16:27:40+00:00\" \/>\n<meta property=\"og:image\" content=\"http:\/\/ikhxojz.cluster029.hosting.ovh.net\/wp-content\/uploads\/2024\/04\/Nous-contacter-300x212.jpg\" \/>\n<meta name=\"twitter:card\" content=\"summary_large_image\" \/>\n<meta name=\"twitter:label1\" content=\"Dur\u00e9e de lecture estim\u00e9e\" \/>\n\t<meta name=\"twitter:data1\" content=\"1 minute\" \/>\n<script type=\"application\/ld+json\" class=\"yoast-schema-graph\">{\"@context\":\"https:\/\/schema.org\",\"@graph\":[{\"@type\":\"WebPage\",\"@id\":\"https:\/\/agencerozo.fr\/index.php\/nous-contacter\/\",\"url\":\"https:\/\/agencerozo.fr\/index.php\/nous-contacter\/\",\"name\":\"Contact - Agence Rozo\",\"isPartOf\":{\"@id\":\"https:\/\/agencerozo.fr\/#website\"},\"primaryImageOfPage\":{\"@id\":\"https:\/\/agencerozo.fr\/index.php\/nous-contacter\/#primaryimage\"},\"image\":{\"@id\":\"https:\/\/agencerozo.fr\/index.php\/nous-contacter\/#primaryimage\"},\"thumbnailUrl\":\"http:\/\/ikhxojz.cluster029.hosting.ovh.net\/wp-content\/uploads\/2024\/04\/Nous-contacter-300x212.jpg\",\"datePublished\":\"2024-04-26T16:35:58+00:00\",\"dateModified\":\"2024-07-19T16:27:40+00:00\",\"description\":\"Des constructions, des r\u00e9novations ? N'h\u00e9sitez pas \u00e0 nous contacter pour construire ensemble votre projet.\",\"breadcrumb\":{\"@id\":\"https:\/\/agencerozo.fr\/index.php\/nous-contacter\/#breadcrumb\"},\"inLanguage\":\"fr-FR\",\"potentialAction\":[{\"@type\":\"ReadAction\",\"target\":[\"https:\/\/agencerozo.fr\/index.php\/nous-contacter\/\"]}]},{\"@type\":\"ImageObject\",\"inLanguage\":\"fr-FR\",\"@id\":\"https:\/\/agencerozo.fr\/index.php\/nous-contacter\/#primaryimage\",\"url\":\"http:\/\/ikhxojz.cluster029.hosting.ovh.net\/wp-content\/uploads\/2024\/04\/Nous-contacter-300x212.jpg\",\"contentUrl\":\"http:\/\/ikhxojz.cluster029.hosting.ovh.net\/wp-content\/uploads\/2024\/04\/Nous-contacter-300x212.jpg\"},{\"@type\":\"BreadcrumbList\",\"@id\":\"https:\/\/agencerozo.fr\/index.php\/nous-contacter\/#breadcrumb\",\"itemListElement\":[{\"@type\":\"ListItem\",\"position\":1,\"name\":\"Accueil\",\"item\":\"https:\/\/agencerozo.fr\/\"},{\"@type\":\"ListItem\",\"position\":2,\"name\":\"Contact\"}]},{\"@type\":\"WebSite\",\"@id\":\"https:\/\/agencerozo.fr\/#website\",\"url\":\"https:\/\/agencerozo.fr\/\",\"name\":\"Agence Rozo\",\"description\":\"Une architecture humaine, naturelle et \u00e9thique pour cr\u00e9er votre espace de vie id\u00e9al\",\"publisher\":{\"@id\":\"https:\/\/agencerozo.fr\/#organization\"},\"potentialAction\":[{\"@type\":\"SearchAction\",\"target\":{\"@type\":\"EntryPoint\",\"urlTemplate\":\"https:\/\/agencerozo.fr\/?s={search_term_string}\"},\"query-input\":\"required name=search_term_string\"}],\"inLanguage\":\"fr-FR\"},{\"@type\":\"Organization\",\"@id\":\"https:\/\/agencerozo.fr\/#organization\",\"name\":\"Agence Rozo\",\"url\":\"https:\/\/agencerozo.fr\/\",\"logo\":{\"@type\":\"ImageObject\",\"inLanguage\":\"fr-FR\",\"@id\":\"https:\/\/agencerozo.fr\/#\/schema\/logo\/image\/\",\"url\":\"https:\/\/agencerozo.fr\/wp-content\/uploads\/2024\/07\/avatar.png\",\"contentUrl\":\"https:\/\/agencerozo.fr\/wp-content\/uploads\/2024\/07\/avatar.png\",\"width\":900,\"height\":900,\"caption\":\"Agence Rozo\"},\"image\":{\"@id\":\"https:\/\/agencerozo.fr\/#\/schema\/logo\/image\/\"}}]}<\/script>\n<!-- \/ Yoast SEO plugin. -->","yoast_head_json":{"title":"Contact - Agence Rozo","description":"Des constructions, des r\u00e9novations ? N'h\u00e9sitez pas \u00e0 nous contacter pour construire ensemble votre projet.","robots":{"index":"index","follow":"follow","max-snippet":"max-snippet:-1","max-image-preview":"max-image-preview:large","max-video-preview":"max-video-preview:-1"},"canonical":"https:\/\/agencerozo.fr\/index.php\/nous-contacter\/","og_locale":"fr_FR","og_type":"article","og_title":"Contact - Agence Rozo","og_description":"Des constructions, des r\u00e9novations ? N'h\u00e9sitez pas \u00e0 nous contacter pour construire ensemble votre projet.","og_url":"https:\/\/agencerozo.fr\/index.php\/nous-contacter\/","og_site_name":"Agence Rozo","article_modified_time":"2024-07-19T16:27:40+00:00","og_image":[{"url":"http:\/\/ikhxojz.cluster029.hosting.ovh.net\/wp-content\/uploads\/2024\/04\/Nous-contacter-300x212.jpg"}],"twitter_card":"summary_large_image","twitter_misc":{"Dur\u00e9e de lecture estim\u00e9e":"1 minute"},"schema":{"@context":"https:\/\/schema.org","@graph":[{"@type":"WebPage","@id":"https:\/\/agencerozo.fr\/index.php\/nous-contacter\/","url":"https:\/\/agencerozo.fr\/index.php\/nous-contacter\/","name":"Contact - Agence Rozo","isPartOf":{"@id":"https:\/\/agencerozo.fr\/#website"},"primaryImageOfPage":{"@id":"https:\/\/agencerozo.fr\/index.php\/nous-contacter\/#primaryimage"},"image":{"@id":"https:\/\/agencerozo.fr\/index.php\/nous-contacter\/#primaryimage"},"thumbnailUrl":"http:\/\/ikhxojz.cluster029.hosting.ovh.net\/wp-content\/uploads\/2024\/04\/Nous-contacter-300x212.jpg","datePublished":"2024-04-26T16:35:58+00:00","dateModified":"2024-07-19T16:27:40+00:00","description":"Des constructions, des r\u00e9novations ? N'h\u00e9sitez pas \u00e0 nous contacter pour construire ensemble votre projet.","breadcrumb":{"@id":"https:\/\/agencerozo.fr\/index.php\/nous-contacter\/#breadcrumb"},"inLanguage":"fr-FR","potentialAction":[{"@type":"ReadAction","target":["https:\/\/agencerozo.fr\/index.php\/nous-contacter\/"]}]},{"@type":"ImageObject","inLanguage":"fr-FR","@id":"https:\/\/agencerozo.fr\/index.php\/nous-contacter\/#primaryimage","url":"http:\/\/ikhxojz.cluster029.hosting.ovh.net\/wp-content\/uploads\/2024\/04\/Nous-contacter-300x212.jpg","contentUrl":"http:\/\/ikhxojz.cluster029.hosting.ovh.net\/wp-content\/uploads\/2024\/04\/Nous-contacter-300x212.jpg"},{"@type":"BreadcrumbList","@id":"https:\/\/agencerozo.fr\/index.php\/nous-contacter\/#breadcrumb","itemListElement":[{"@type":"ListItem","position":1,"name":"Accueil","item":"https:\/\/agencerozo.fr\/"},{"@type":"ListItem","position":2,"name":"Contact"}]},{"@type":"WebSite","@id":"https:\/\/agencerozo.fr\/#website","url":"https:\/\/agencerozo.fr\/","name":"Agence Rozo","description":"Une architecture humaine, naturelle et \u00e9thique pour cr\u00e9er votre espace de vie id\u00e9al","publisher":{"@id":"https:\/\/agencerozo.fr\/#organization"},"potentialAction":[{"@type":"SearchAction","target":{"@type":"EntryPoint","urlTemplate":"https:\/\/agencerozo.fr\/?s={search_term_string}"},"query-input":"required name=search_term_string"}],"inLanguage":"fr-FR"},{"@type":"Organization","@id":"https:\/\/agencerozo.fr\/#organization","name":"Agence Rozo","url":"https:\/\/agencerozo.fr\/","logo":{"@type":"ImageObject","inLanguage":"fr-FR","@id":"https:\/\/agencerozo.fr\/#\/schema\/logo\/image\/","url":"https:\/\/agencerozo.fr\/wp-content\/uploads\/2024\/07\/avatar.png","contentUrl":"https:\/\/agencerozo.fr\/wp-content\/uploads\/2024\/07\/avatar.png","width":900,"height":900,"caption":"Agence Rozo"},"image":{"@id":"https:\/\/agencerozo.fr\/#\/schema\/logo\/image\/"}}]}},"_links":{"self":[{"href":"https:\/\/agencerozo.fr\/index.php\/wp-json\/wp\/v2\/pages\/105","targetHints":{"allow":["GET"]}}],"collection":[{"href":"https:\/\/agencerozo.fr\/index.php\/wp-json\/wp\/v2\/pages"}],"about":[{"href":"https:\/\/agencerozo.fr\/index.php\/wp-json\/wp\/v2\/types\/page"}],"author":[{"embeddable":true,"href":"https:\/\/agencerozo.fr\/index.php\/wp-json\/wp\/v2\/users\/1"}],"replies":[{"embeddable":true,"href":"https:\/\/agencerozo.fr\/index.php\/wp-json\/wp\/v2\/comments?post=105"}],"version-history":[{"count":29,"href":"https:\/\/agencerozo.fr\/index.php\/wp-json\/wp\/v2\/pages\/105\/revisions"}],"predecessor-version":[{"id":158,"href":"https:\/\/agencerozo.fr\/index.php\/wp-json\/wp\/v2\/pages\/105\/revisions\/158"}],"wp:attachment":[{"href":"https:\/\/agencerozo.fr\/index.php\/wp-json\/wp\/v2\/media?parent=105"}],"curies":[{"name":"wp","href":"https:\/\/api.w.org\/{rel}","templated":true}]}}