{"id":2,"date":"2023-06-08T15:20:31","date_gmt":"2023-06-08T13:20:31","guid":{"rendered":"http:\/\/ikhxojz.cluster029.hosting.ovh.net\/?page_id=2"},"modified":"2024-07-19T18:31:28","modified_gmt":"2024-07-19T16:31:28","slug":"accueil-agence-rozo","status":"publish","type":"page","link":"https:\/\/agencerozo.fr\/index.php\/accueil-agence-rozo\/","title":{"rendered":"L&rsquo;agence"},"content":{"rendered":"\t\t<div data-elementor-type=\"wp-page\" data-elementor-id=\"2\" class=\"elementor elementor-2\">\n\t\t\t\t<div class=\"elementor-element elementor-element-4ca684fd e-flex e-con-boxed e-con e-parent\" data-id=\"4ca684fd\" data-element_type=\"container\">\n\t\t\t\t\t<div class=\"e-con-inner\">\n\t\t<div class=\"elementor-element elementor-element-3adb007 e-grid e-con-boxed e-con e-child\" data-id=\"3adb007\" data-element_type=\"container\">\n\t\t\t\t\t<div class=\"e-con-inner\">\n\t\t\t\t<div class=\"elementor-element elementor-element-1349ef9 elementor-widget elementor-widget-image\" data-id=\"1349ef9\" data-element_type=\"widget\" data-widget_type=\"image.default\">\n\t\t\t\t<div class=\"elementor-widget-container\">\n\t\t\t<style>\/*! elementor - v3.23.0 - 15-07-2024 *\/\n.elementor-widget-image{text-align:center}.elementor-widget-image a{display:inline-block}.elementor-widget-image a img[src$=\".svg\"]{width:48px}.elementor-widget-image img{vertical-align:middle;display:inline-block}<\/style>\t\t\t\t\t\t\t\t\t\t<img fetchpriority=\"high\" decoding=\"async\" width=\"211\" height=\"300\" src=\"https:\/\/agencerozo.fr\/wp-content\/uploads\/2024\/04\/Laurence-DEFOUR-211x300.jpg\" class=\"attachment-medium size-medium wp-image-152\" alt=\"\" srcset=\"https:\/\/agencerozo.fr\/wp-content\/uploads\/2024\/04\/Laurence-DEFOUR-211x300.jpg 211w, https:\/\/agencerozo.fr\/wp-content\/uploads\/2024\/04\/Laurence-DEFOUR-721x1024.jpg 721w, https:\/\/agencerozo.fr\/wp-content\/uploads\/2024\/04\/Laurence-DEFOUR-2000x2840.jpg 2000w, https:\/\/agencerozo.fr\/wp-content\/uploads\/2024\/04\/Laurence-DEFOUR-scaled-1082x1536.jpg 1082w, https:\/\/agencerozo.fr\/wp-content\/uploads\/2024\/04\/Laurence-DEFOUR-scaled-1442x2048.jpg 1442w, https:\/\/agencerozo.fr\/wp-content\/uploads\/2024\/04\/Laurence-DEFOUR-scaled.jpg 1803w\" sizes=\"100vw\" \/>\t\t\t\t\t\t\t\t\t\t\t\t\t<\/div>\n\t\t\t\t<\/div>\n\t\t\t\t<div class=\"elementor-element elementor-element-7ce31219 elementor-widget elementor-widget-text-editor\" data-id=\"7ce31219\" data-element_type=\"widget\" data-widget_type=\"text-editor.default\">\n\t\t\t\t<div class=\"elementor-widget-container\">\n\t\t\t<style>\/*! elementor - v3.23.0 - 15-07-2024 *\/\n.elementor-widget-text-editor.elementor-drop-cap-view-stacked .elementor-drop-cap{background-color:#69727d;color:#fff}.elementor-widget-text-editor.elementor-drop-cap-view-framed .elementor-drop-cap{color:#69727d;border:3px solid;background-color:transparent}.elementor-widget-text-editor:not(.elementor-drop-cap-view-default) .elementor-drop-cap{margin-top:8px}.elementor-widget-text-editor:not(.elementor-drop-cap-view-default) .elementor-drop-cap-letter{width:1em;height:1em}.elementor-widget-text-editor .elementor-drop-cap{float:left;text-align:center;line-height:1;font-size:50px}.elementor-widget-text-editor .elementor-drop-cap-letter{display:inline-block}<\/style>\t\t\t\t<!-- wp:paragraph -->\n<p id=\"text03\">Dipl\u00f4m\u00e9e de l&rsquo;\u00e9cole d&rsquo;architecture de Saint-Etienne, j&rsquo;ai travaill\u00e9 plus de 20 ann\u00e9es dans des cabinets d&rsquo;architecture. J&rsquo;ai donn\u00e9 une orientation environnementale \u00e0 ma pratique en suivant la formation dispens\u00e9e par la maison passive France en 2016 et renouvel\u00e9e en 2022. J&rsquo;ai suivi des formations de constructions bois, gestion des eaux de pluie, paysage et r\u00e9novation \u00e9nerg\u00e9tique.<\/p>\n<!-- \/wp:paragraph -->\t\t\t\t\t\t<\/div>\n\t\t\t\t<\/div>\n\t\t\t\t\t<\/div>\n\t\t\t\t<\/div>\n\t\t\t\t\t<\/div>\n\t\t\t\t<\/div>\n\t\t\t\t<\/div>\n\t\t","protected":false},"excerpt":{"rendered":"<p>Dipl\u00f4m\u00e9e de l&rsquo;\u00e9cole d&rsquo;architecture de Saint-Etienne, j&rsquo;ai travaill\u00e9 plus de 20 ann\u00e9es dans des cabinets d&rsquo;architecture. J&rsquo;ai donn\u00e9 une orientation environnementale \u00e0 ma pratique en suivant la formation dispens\u00e9e par la maison passive France en 2016 et renouvel\u00e9e en 2022. J&rsquo;ai suivi des formations de constructions bois, gestion des eaux de pluie, paysage et r\u00e9novation &hellip; <\/p>\n<p class=\"link-more\"><a href=\"https:\/\/agencerozo.fr\/index.php\/accueil-agence-rozo\/\" class=\"more-link\">Lire la suite de<span class=\"screen-reader-text\">\u00ab\u00a0L&rsquo;agence\u00a0\u00bb<\/span><\/a><\/p>\n","protected":false},"author":1,"featured_media":0,"parent":0,"menu_order":0,"comment_status":"closed","ping_status":"closed","template":"","meta":{"footnotes":""},"class_list":["post-2","page","type-page","status-publish","hentry"],"yoast_head":"<!-- This site is optimized with the Yoast SEO plugin v23.0 - https:\/\/yoast.com\/wordpress\/plugins\/seo\/ -->\n<title>L&#039;agence - Agence Rozo<\/title>\n<meta name=\"description\" content=\"L&#039;agence Rozo vous conseille sur vos projets architecturaux avec une sp\u00e9cialit\u00e9 dans la construction de b\u00e2timents passifs\" \/>\n<meta name=\"robots\" content=\"index, follow, max-snippet:-1, max-image-preview:large, max-video-preview:-1\" \/>\n<link rel=\"canonical\" href=\"https:\/\/agencerozo.fr\/index.php\/accueil-agence-rozo\/\" \/>\n<meta property=\"og:locale\" content=\"fr_FR\" \/>\n<meta property=\"og:type\" content=\"article\" \/>\n<meta property=\"og:title\" content=\"L&#039;agence - Agence Rozo\" \/>\n<meta property=\"og:description\" content=\"L&#039;agence Rozo vous conseille sur vos projets architecturaux avec une sp\u00e9cialit\u00e9 dans la construction de b\u00e2timents passifs\" \/>\n<meta property=\"og:url\" content=\"https:\/\/agencerozo.fr\/index.php\/accueil-agence-rozo\/\" \/>\n<meta property=\"og:site_name\" content=\"Agence Rozo\" \/>\n<meta property=\"article:modified_time\" content=\"2024-07-19T16:31:28+00:00\" \/>\n<meta property=\"og:image\" content=\"http:\/\/ikhxojz.cluster029.hosting.ovh.net\/wp-content\/uploads\/2024\/04\/Laurence-DEFOUR-211x300.jpg\" \/>\n<meta name=\"twitter:card\" content=\"summary_large_image\" \/>\n<meta name=\"twitter:label1\" content=\"Dur\u00e9e de lecture estim\u00e9e\" \/>\n\t<meta name=\"twitter:data1\" content=\"1 minute\" \/>\n<script type=\"application\/ld+json\" class=\"yoast-schema-graph\">{\"@context\":\"https:\/\/schema.org\",\"@graph\":[{\"@type\":\"WebPage\",\"@id\":\"https:\/\/agencerozo.fr\/index.php\/accueil-agence-rozo\/\",\"url\":\"https:\/\/agencerozo.fr\/index.php\/accueil-agence-rozo\/\",\"name\":\"L'agence - Agence Rozo\",\"isPartOf\":{\"@id\":\"https:\/\/agencerozo.fr\/#website\"},\"primaryImageOfPage\":{\"@id\":\"https:\/\/agencerozo.fr\/index.php\/accueil-agence-rozo\/#primaryimage\"},\"image\":{\"@id\":\"https:\/\/agencerozo.fr\/index.php\/accueil-agence-rozo\/#primaryimage\"},\"thumbnailUrl\":\"http:\/\/ikhxojz.cluster029.hosting.ovh.net\/wp-content\/uploads\/2024\/04\/Laurence-DEFOUR-211x300.jpg\",\"datePublished\":\"2023-06-08T13:20:31+00:00\",\"dateModified\":\"2024-07-19T16:31:28+00:00\",\"description\":\"L'agence Rozo vous conseille sur vos projets architecturaux avec une sp\u00e9cialit\u00e9 dans la construction de b\u00e2timents passifs\",\"breadcrumb\":{\"@id\":\"https:\/\/agencerozo.fr\/index.php\/accueil-agence-rozo\/#breadcrumb\"},\"inLanguage\":\"fr-FR\",\"potentialAction\":[{\"@type\":\"ReadAction\",\"target\":[\"https:\/\/agencerozo.fr\/index.php\/accueil-agence-rozo\/\"]}]},{\"@type\":\"ImageObject\",\"inLanguage\":\"fr-FR\",\"@id\":\"https:\/\/agencerozo.fr\/index.php\/accueil-agence-rozo\/#primaryimage\",\"url\":\"http:\/\/ikhxojz.cluster029.hosting.ovh.net\/wp-content\/uploads\/2024\/04\/Laurence-DEFOUR-211x300.jpg\",\"contentUrl\":\"http:\/\/ikhxojz.cluster029.hosting.ovh.net\/wp-content\/uploads\/2024\/04\/Laurence-DEFOUR-211x300.jpg\"},{\"@type\":\"BreadcrumbList\",\"@id\":\"https:\/\/agencerozo.fr\/index.php\/accueil-agence-rozo\/#breadcrumb\",\"itemListElement\":[{\"@type\":\"ListItem\",\"position\":1,\"name\":\"Accueil\",\"item\":\"https:\/\/agencerozo.fr\/\"},{\"@type\":\"ListItem\",\"position\":2,\"name\":\"L&rsquo;agence\"}]},{\"@type\":\"WebSite\",\"@id\":\"https:\/\/agencerozo.fr\/#website\",\"url\":\"https:\/\/agencerozo.fr\/\",\"name\":\"Agence Rozo\",\"description\":\"Une architecture humaine, naturelle et \u00e9thique pour cr\u00e9er votre espace de vie id\u00e9al\",\"publisher\":{\"@id\":\"https:\/\/agencerozo.fr\/#organization\"},\"potentialAction\":[{\"@type\":\"SearchAction\",\"target\":{\"@type\":\"EntryPoint\",\"urlTemplate\":\"https:\/\/agencerozo.fr\/?s={search_term_string}\"},\"query-input\":\"required name=search_term_string\"}],\"inLanguage\":\"fr-FR\"},{\"@type\":\"Organization\",\"@id\":\"https:\/\/agencerozo.fr\/#organization\",\"name\":\"Agence Rozo\",\"url\":\"https:\/\/agencerozo.fr\/\",\"logo\":{\"@type\":\"ImageObject\",\"inLanguage\":\"fr-FR\",\"@id\":\"https:\/\/agencerozo.fr\/#\/schema\/logo\/image\/\",\"url\":\"https:\/\/agencerozo.fr\/wp-content\/uploads\/2024\/07\/avatar.png\",\"contentUrl\":\"https:\/\/agencerozo.fr\/wp-content\/uploads\/2024\/07\/avatar.png\",\"width\":900,\"height\":900,\"caption\":\"Agence Rozo\"},\"image\":{\"@id\":\"https:\/\/agencerozo.fr\/#\/schema\/logo\/image\/\"}}]}<\/script>\n<!-- \/ Yoast SEO plugin. -->","yoast_head_json":{"title":"L'agence - Agence Rozo","description":"L'agence Rozo vous conseille sur vos projets architecturaux avec une sp\u00e9cialit\u00e9 dans la construction de b\u00e2timents passifs","robots":{"index":"index","follow":"follow","max-snippet":"max-snippet:-1","max-image-preview":"max-image-preview:large","max-video-preview":"max-video-preview:-1"},"canonical":"https:\/\/agencerozo.fr\/index.php\/accueil-agence-rozo\/","og_locale":"fr_FR","og_type":"article","og_title":"L'agence - Agence Rozo","og_description":"L'agence Rozo vous conseille sur vos projets architecturaux avec une sp\u00e9cialit\u00e9 dans la construction de b\u00e2timents passifs","og_url":"https:\/\/agencerozo.fr\/index.php\/accueil-agence-rozo\/","og_site_name":"Agence Rozo","article_modified_time":"2024-07-19T16:31:28+00:00","og_image":[{"url":"http:\/\/ikhxojz.cluster029.hosting.ovh.net\/wp-content\/uploads\/2024\/04\/Laurence-DEFOUR-211x300.jpg"}],"twitter_card":"summary_large_image","twitter_misc":{"Dur\u00e9e de lecture estim\u00e9e":"1 minute"},"schema":{"@context":"https:\/\/schema.org","@graph":[{"@type":"WebPage","@id":"https:\/\/agencerozo.fr\/index.php\/accueil-agence-rozo\/","url":"https:\/\/agencerozo.fr\/index.php\/accueil-agence-rozo\/","name":"L'agence - Agence Rozo","isPartOf":{"@id":"https:\/\/agencerozo.fr\/#website"},"primaryImageOfPage":{"@id":"https:\/\/agencerozo.fr\/index.php\/accueil-agence-rozo\/#primaryimage"},"image":{"@id":"https:\/\/agencerozo.fr\/index.php\/accueil-agence-rozo\/#primaryimage"},"thumbnailUrl":"http:\/\/ikhxojz.cluster029.hosting.ovh.net\/wp-content\/uploads\/2024\/04\/Laurence-DEFOUR-211x300.jpg","datePublished":"2023-06-08T13:20:31+00:00","dateModified":"2024-07-19T16:31:28+00:00","description":"L'agence Rozo vous conseille sur vos projets architecturaux avec une sp\u00e9cialit\u00e9 dans la construction de b\u00e2timents passifs","breadcrumb":{"@id":"https:\/\/agencerozo.fr\/index.php\/accueil-agence-rozo\/#breadcrumb"},"inLanguage":"fr-FR","potentialAction":[{"@type":"ReadAction","target":["https:\/\/agencerozo.fr\/index.php\/accueil-agence-rozo\/"]}]},{"@type":"ImageObject","inLanguage":"fr-FR","@id":"https:\/\/agencerozo.fr\/index.php\/accueil-agence-rozo\/#primaryimage","url":"http:\/\/ikhxojz.cluster029.hosting.ovh.net\/wp-content\/uploads\/2024\/04\/Laurence-DEFOUR-211x300.jpg","contentUrl":"http:\/\/ikhxojz.cluster029.hosting.ovh.net\/wp-content\/uploads\/2024\/04\/Laurence-DEFOUR-211x300.jpg"},{"@type":"BreadcrumbList","@id":"https:\/\/agencerozo.fr\/index.php\/accueil-agence-rozo\/#breadcrumb","itemListElement":[{"@type":"ListItem","position":1,"name":"Accueil","item":"https:\/\/agencerozo.fr\/"},{"@type":"ListItem","position":2,"name":"L&rsquo;agence"}]},{"@type":"WebSite","@id":"https:\/\/agencerozo.fr\/#website","url":"https:\/\/agencerozo.fr\/","name":"Agence Rozo","description":"Une architecture humaine, naturelle et \u00e9thique pour cr\u00e9er votre espace de vie id\u00e9al","publisher":{"@id":"https:\/\/agencerozo.fr\/#organization"},"potentialAction":[{"@type":"SearchAction","target":{"@type":"EntryPoint","urlTemplate":"https:\/\/agencerozo.fr\/?s={search_term_string}"},"query-input":"required name=search_term_string"}],"inLanguage":"fr-FR"},{"@type":"Organization","@id":"https:\/\/agencerozo.fr\/#organization","name":"Agence Rozo","url":"https:\/\/agencerozo.fr\/","logo":{"@type":"ImageObject","inLanguage":"fr-FR","@id":"https:\/\/agencerozo.fr\/#\/schema\/logo\/image\/","url":"https:\/\/agencerozo.fr\/wp-content\/uploads\/2024\/07\/avatar.png","contentUrl":"https:\/\/agencerozo.fr\/wp-content\/uploads\/2024\/07\/avatar.png","width":900,"height":900,"caption":"Agence Rozo"},"image":{"@id":"https:\/\/agencerozo.fr\/#\/schema\/logo\/image\/"}}]}},"_links":{"self":[{"href":"https:\/\/agencerozo.fr\/index.php\/wp-json\/wp\/v2\/pages\/2","targetHints":{"allow":["GET"]}}],"collection":[{"href":"https:\/\/agencerozo.fr\/index.php\/wp-json\/wp\/v2\/pages"}],"about":[{"href":"https:\/\/agencerozo.fr\/index.php\/wp-json\/wp\/v2\/types\/page"}],"author":[{"embeddable":true,"href":"https:\/\/agencerozo.fr\/index.php\/wp-json\/wp\/v2\/users\/1"}],"replies":[{"embeddable":true,"href":"https:\/\/agencerozo.fr\/index.php\/wp-json\/wp\/v2\/comments?post=2"}],"version-history":[{"count":22,"href":"https:\/\/agencerozo.fr\/index.php\/wp-json\/wp\/v2\/pages\/2\/revisions"}],"predecessor-version":[{"id":155,"href":"https:\/\/agencerozo.fr\/index.php\/wp-json\/wp\/v2\/pages\/2\/revisions\/155"}],"wp:attachment":[{"href":"https:\/\/agencerozo.fr\/index.php\/wp-json\/wp\/v2\/media?parent=2"}],"curies":[{"name":"wp","href":"https:\/\/api.w.org\/{rel}","templated":true}]}}