{"id":34,"date":"2024-04-26T17:21:07","date_gmt":"2024-04-26T15:21:07","guid":{"rendered":"http:\/\/ikhxojz.cluster029.hosting.ovh.net\/?page_id=34"},"modified":"2024-07-19T18:33:13","modified_gmt":"2024-07-19T16:33:13","slug":"les-realisations","status":"publish","type":"page","link":"https:\/\/agencerozo.fr\/index.php\/les-realisations\/","title":{"rendered":"Les r\u00e9alisations"},"content":{"rendered":"\t\t<div data-elementor-type=\"wp-page\" data-elementor-id=\"34\" class=\"elementor elementor-34\">\n\t\t\t\t<div class=\"elementor-element elementor-element-5d5d14f e-grid e-con-boxed e-con e-parent\" data-id=\"5d5d14f\" data-element_type=\"container\">\n\t\t\t\t\t<div class=\"e-con-inner\">\n\t\t\t\t<div class=\"elementor-element elementor-element-d90bc1f elementor-position-top elementor-widget elementor-widget-image-box\" data-id=\"d90bc1f\" data-element_type=\"widget\" data-widget_type=\"image-box.default\">\n\t\t\t\t<div class=\"elementor-widget-container\">\n\t\t\t<style>\/*! elementor - v3.23.0 - 15-07-2024 *\/\n.elementor-widget-image-box .elementor-image-box-content{width:100%}@media (min-width:768px){.elementor-widget-image-box.elementor-position-left .elementor-image-box-wrapper,.elementor-widget-image-box.elementor-position-right .elementor-image-box-wrapper{display:flex}.elementor-widget-image-box.elementor-position-right .elementor-image-box-wrapper{text-align:end;flex-direction:row-reverse}.elementor-widget-image-box.elementor-position-left .elementor-image-box-wrapper{text-align:start;flex-direction:row}.elementor-widget-image-box.elementor-position-top .elementor-image-box-img{margin:auto}.elementor-widget-image-box.elementor-vertical-align-top .elementor-image-box-wrapper{align-items:flex-start}.elementor-widget-image-box.elementor-vertical-align-middle .elementor-image-box-wrapper{align-items:center}.elementor-widget-image-box.elementor-vertical-align-bottom .elementor-image-box-wrapper{align-items:flex-end}}@media (max-width:767px){.elementor-widget-image-box .elementor-image-box-img{margin-left:auto!important;margin-right:auto!important;margin-bottom:15px}}.elementor-widget-image-box .elementor-image-box-img{display:inline-block}.elementor-widget-image-box .elementor-image-box-title a{color:inherit}.elementor-widget-image-box .elementor-image-box-wrapper{text-align:center}.elementor-widget-image-box .elementor-image-box-description{margin:0}<\/style><div class=\"elementor-image-box-wrapper\"><figure class=\"elementor-image-box-img\"><a href=\"https:\/\/agencerozo.fr\/index.php\/renovation-place-grenette\/\" target=\"_blank\" tabindex=\"-1\"><img fetchpriority=\"high\" decoding=\"async\" width=\"320\" height=\"240\" src=\"https:\/\/agencerozo.fr\/wp-content\/uploads\/2024\/05\/Renovation-Grenette-Apres2-Petite.jpeg\" class=\"attachment-large size-large wp-image-172\" alt=\"\" srcset=\"https:\/\/agencerozo.fr\/wp-content\/uploads\/2024\/05\/Renovation-Grenette-Apres2-Petite.jpeg 320w, https:\/\/agencerozo.fr\/wp-content\/uploads\/2024\/05\/Renovation-Grenette-Apres2-Petite-300x225.jpeg 300w\" sizes=\"(max-width: 320px) 100vw, 320px\" \/><\/a><\/figure><div class=\"elementor-image-box-content\"><h3 class=\"elementor-image-box-title\"><a href=\"https:\/\/agencerozo.fr\/index.php\/renovation-place-grenette\/\" target=\"_blank\">R\u00e9novation Place Genette<\/a><\/h3><\/div><\/div>\t\t<\/div>\n\t\t\t\t<\/div>\n\t\t\t\t<div class=\"elementor-element elementor-element-d80a37b elementor-position-top elementor-widget elementor-widget-image-box\" data-id=\"d80a37b\" data-element_type=\"widget\" data-widget_type=\"image-box.default\">\n\t\t\t\t<div class=\"elementor-widget-container\">\n\t\t\t<div class=\"elementor-image-box-wrapper\"><figure class=\"elementor-image-box-img\"><a href=\"https:\/\/agencerozo.fr\/index.php\/renovation-lycee-la-salesienne\/\" target=\"_blank\" tabindex=\"-1\"><img decoding=\"async\" width=\"320\" height=\"240\" src=\"https:\/\/agencerozo.fr\/wp-content\/uploads\/2024\/05\/Reno-College-La-salesienne-APRES8-Petite.jpeg\" class=\"attachment-large size-large wp-image-206\" alt=\"\" srcset=\"https:\/\/agencerozo.fr\/wp-content\/uploads\/2024\/05\/Reno-College-La-salesienne-APRES8-Petite.jpeg 320w, https:\/\/agencerozo.fr\/wp-content\/uploads\/2024\/05\/Reno-College-La-salesienne-APRES8-Petite-300x225.jpeg 300w\" sizes=\"(max-width: 320px) 100vw, 320px\" \/><\/a><\/figure><div class=\"elementor-image-box-content\"><h3 class=\"elementor-image-box-title\"><a href=\"https:\/\/agencerozo.fr\/index.php\/renovation-lycee-la-salesienne\/\" target=\"_blank\">R\u00e9novation Lyc\u00e9e La Sal\u00e9sienne<\/a><\/h3><\/div><\/div>\t\t<\/div>\n\t\t\t\t<\/div>\n\t\t\t\t\t<\/div>\n\t\t\t\t<\/div>\n\t\t\t\t<\/div>\n\t\t","protected":false},"excerpt":{"rendered":"<p>R\u00e9novation Place Genette R\u00e9novation Lyc\u00e9e La Sal\u00e9sienne<\/p>\n","protected":false},"author":1,"featured_media":0,"parent":0,"menu_order":0,"comment_status":"closed","ping_status":"closed","template":"","meta":{"footnotes":""},"class_list":["post-34","page","type-page","status-publish","hentry"],"yoast_head":"<!-- This site is optimized with the Yoast SEO plugin v23.0 - https:\/\/yoast.com\/wordpress\/plugins\/seo\/ -->\n<title>Les r\u00e9alisations - Agence Rozo<\/title>\n<meta name=\"description\" content=\"Retrouvez un panach\u00e9 de nos r\u00e9alisations en constructions et r\u00e9novations incluant les constructions passives\" \/>\n<meta name=\"robots\" content=\"index, follow, max-snippet:-1, max-image-preview:large, max-video-preview:-1\" \/>\n<link rel=\"canonical\" href=\"https:\/\/agencerozo.fr\/index.php\/les-realisations\/\" \/>\n<meta property=\"og:locale\" content=\"fr_FR\" \/>\n<meta property=\"og:type\" content=\"article\" \/>\n<meta property=\"og:title\" content=\"Les r\u00e9alisations - Agence Rozo\" \/>\n<meta property=\"og:description\" content=\"Retrouvez un panach\u00e9 de nos r\u00e9alisations en constructions et r\u00e9novations incluant les constructions passives\" \/>\n<meta property=\"og:url\" content=\"https:\/\/agencerozo.fr\/index.php\/les-realisations\/\" \/>\n<meta property=\"og:site_name\" content=\"Agence Rozo\" \/>\n<meta property=\"article:modified_time\" content=\"2024-07-19T16:33:13+00:00\" \/>\n<meta property=\"og:image\" content=\"https:\/\/agencerozo.fr\/wp-content\/uploads\/2024\/05\/Renovation-Grenette-Apres2-Petite.jpeg\" \/>\n<meta name=\"twitter:card\" content=\"summary_large_image\" \/>\n<meta name=\"twitter:label1\" content=\"Dur\u00e9e de lecture estim\u00e9e\" \/>\n\t<meta name=\"twitter:data1\" content=\"1 minute\" \/>\n<script type=\"application\/ld+json\" class=\"yoast-schema-graph\">{\"@context\":\"https:\/\/schema.org\",\"@graph\":[{\"@type\":\"WebPage\",\"@id\":\"https:\/\/agencerozo.fr\/index.php\/les-realisations\/\",\"url\":\"https:\/\/agencerozo.fr\/index.php\/les-realisations\/\",\"name\":\"Les r\u00e9alisations - Agence Rozo\",\"isPartOf\":{\"@id\":\"https:\/\/agencerozo.fr\/#website\"},\"primaryImageOfPage\":{\"@id\":\"https:\/\/agencerozo.fr\/index.php\/les-realisations\/#primaryimage\"},\"image\":{\"@id\":\"https:\/\/agencerozo.fr\/index.php\/les-realisations\/#primaryimage\"},\"thumbnailUrl\":\"https:\/\/agencerozo.fr\/wp-content\/uploads\/2024\/05\/Renovation-Grenette-Apres2-Petite.jpeg\",\"datePublished\":\"2024-04-26T15:21:07+00:00\",\"dateModified\":\"2024-07-19T16:33:13+00:00\",\"description\":\"Retrouvez un panach\u00e9 de nos r\u00e9alisations en constructions et r\u00e9novations incluant les constructions passives\",\"breadcrumb\":{\"@id\":\"https:\/\/agencerozo.fr\/index.php\/les-realisations\/#breadcrumb\"},\"inLanguage\":\"fr-FR\",\"potentialAction\":[{\"@type\":\"ReadAction\",\"target\":[\"https:\/\/agencerozo.fr\/index.php\/les-realisations\/\"]}]},{\"@type\":\"ImageObject\",\"inLanguage\":\"fr-FR\",\"@id\":\"https:\/\/agencerozo.fr\/index.php\/les-realisations\/#primaryimage\",\"url\":\"https:\/\/agencerozo.fr\/wp-content\/uploads\/2024\/05\/Renovation-Grenette-Apres2-Petite.jpeg\",\"contentUrl\":\"https:\/\/agencerozo.fr\/wp-content\/uploads\/2024\/05\/Renovation-Grenette-Apres2-Petite.jpeg\",\"width\":320,\"height\":240},{\"@type\":\"BreadcrumbList\",\"@id\":\"https:\/\/agencerozo.fr\/index.php\/les-realisations\/#breadcrumb\",\"itemListElement\":[{\"@type\":\"ListItem\",\"position\":1,\"name\":\"Accueil\",\"item\":\"https:\/\/agencerozo.fr\/\"},{\"@type\":\"ListItem\",\"position\":2,\"name\":\"Les r\u00e9alisations\"}]},{\"@type\":\"WebSite\",\"@id\":\"https:\/\/agencerozo.fr\/#website\",\"url\":\"https:\/\/agencerozo.fr\/\",\"name\":\"Agence Rozo\",\"description\":\"Une architecture humaine, naturelle et \u00e9thique pour cr\u00e9er votre espace de vie id\u00e9al\",\"publisher\":{\"@id\":\"https:\/\/agencerozo.fr\/#organization\"},\"potentialAction\":[{\"@type\":\"SearchAction\",\"target\":{\"@type\":\"EntryPoint\",\"urlTemplate\":\"https:\/\/agencerozo.fr\/?s={search_term_string}\"},\"query-input\":\"required name=search_term_string\"}],\"inLanguage\":\"fr-FR\"},{\"@type\":\"Organization\",\"@id\":\"https:\/\/agencerozo.fr\/#organization\",\"name\":\"Agence Rozo\",\"url\":\"https:\/\/agencerozo.fr\/\",\"logo\":{\"@type\":\"ImageObject\",\"inLanguage\":\"fr-FR\",\"@id\":\"https:\/\/agencerozo.fr\/#\/schema\/logo\/image\/\",\"url\":\"https:\/\/agencerozo.fr\/wp-content\/uploads\/2024\/07\/avatar.png\",\"contentUrl\":\"https:\/\/agencerozo.fr\/wp-content\/uploads\/2024\/07\/avatar.png\",\"width\":900,\"height\":900,\"caption\":\"Agence Rozo\"},\"image\":{\"@id\":\"https:\/\/agencerozo.fr\/#\/schema\/logo\/image\/\"}}]}<\/script>\n<!-- \/ Yoast SEO plugin. -->","yoast_head_json":{"title":"Les r\u00e9alisations - Agence Rozo","description":"Retrouvez un panach\u00e9 de nos r\u00e9alisations en constructions et r\u00e9novations incluant les constructions passives","robots":{"index":"index","follow":"follow","max-snippet":"max-snippet:-1","max-image-preview":"max-image-preview:large","max-video-preview":"max-video-preview:-1"},"canonical":"https:\/\/agencerozo.fr\/index.php\/les-realisations\/","og_locale":"fr_FR","og_type":"article","og_title":"Les r\u00e9alisations - Agence Rozo","og_description":"Retrouvez un panach\u00e9 de nos r\u00e9alisations en constructions et r\u00e9novations incluant les constructions passives","og_url":"https:\/\/agencerozo.fr\/index.php\/les-realisations\/","og_site_name":"Agence Rozo","article_modified_time":"2024-07-19T16:33:13+00:00","og_image":[{"url":"https:\/\/agencerozo.fr\/wp-content\/uploads\/2024\/05\/Renovation-Grenette-Apres2-Petite.jpeg"}],"twitter_card":"summary_large_image","twitter_misc":{"Dur\u00e9e de lecture estim\u00e9e":"1 minute"},"schema":{"@context":"https:\/\/schema.org","@graph":[{"@type":"WebPage","@id":"https:\/\/agencerozo.fr\/index.php\/les-realisations\/","url":"https:\/\/agencerozo.fr\/index.php\/les-realisations\/","name":"Les r\u00e9alisations - Agence Rozo","isPartOf":{"@id":"https:\/\/agencerozo.fr\/#website"},"primaryImageOfPage":{"@id":"https:\/\/agencerozo.fr\/index.php\/les-realisations\/#primaryimage"},"image":{"@id":"https:\/\/agencerozo.fr\/index.php\/les-realisations\/#primaryimage"},"thumbnailUrl":"https:\/\/agencerozo.fr\/wp-content\/uploads\/2024\/05\/Renovation-Grenette-Apres2-Petite.jpeg","datePublished":"2024-04-26T15:21:07+00:00","dateModified":"2024-07-19T16:33:13+00:00","description":"Retrouvez un panach\u00e9 de nos r\u00e9alisations en constructions et r\u00e9novations incluant les constructions passives","breadcrumb":{"@id":"https:\/\/agencerozo.fr\/index.php\/les-realisations\/#breadcrumb"},"inLanguage":"fr-FR","potentialAction":[{"@type":"ReadAction","target":["https:\/\/agencerozo.fr\/index.php\/les-realisations\/"]}]},{"@type":"ImageObject","inLanguage":"fr-FR","@id":"https:\/\/agencerozo.fr\/index.php\/les-realisations\/#primaryimage","url":"https:\/\/agencerozo.fr\/wp-content\/uploads\/2024\/05\/Renovation-Grenette-Apres2-Petite.jpeg","contentUrl":"https:\/\/agencerozo.fr\/wp-content\/uploads\/2024\/05\/Renovation-Grenette-Apres2-Petite.jpeg","width":320,"height":240},{"@type":"BreadcrumbList","@id":"https:\/\/agencerozo.fr\/index.php\/les-realisations\/#breadcrumb","itemListElement":[{"@type":"ListItem","position":1,"name":"Accueil","item":"https:\/\/agencerozo.fr\/"},{"@type":"ListItem","position":2,"name":"Les r\u00e9alisations"}]},{"@type":"WebSite","@id":"https:\/\/agencerozo.fr\/#website","url":"https:\/\/agencerozo.fr\/","name":"Agence Rozo","description":"Une architecture humaine, naturelle et \u00e9thique pour cr\u00e9er votre espace de vie id\u00e9al","publisher":{"@id":"https:\/\/agencerozo.fr\/#organization"},"potentialAction":[{"@type":"SearchAction","target":{"@type":"EntryPoint","urlTemplate":"https:\/\/agencerozo.fr\/?s={search_term_string}"},"query-input":"required name=search_term_string"}],"inLanguage":"fr-FR"},{"@type":"Organization","@id":"https:\/\/agencerozo.fr\/#organization","name":"Agence Rozo","url":"https:\/\/agencerozo.fr\/","logo":{"@type":"ImageObject","inLanguage":"fr-FR","@id":"https:\/\/agencerozo.fr\/#\/schema\/logo\/image\/","url":"https:\/\/agencerozo.fr\/wp-content\/uploads\/2024\/07\/avatar.png","contentUrl":"https:\/\/agencerozo.fr\/wp-content\/uploads\/2024\/07\/avatar.png","width":900,"height":900,"caption":"Agence Rozo"},"image":{"@id":"https:\/\/agencerozo.fr\/#\/schema\/logo\/image\/"}}]}},"_links":{"self":[{"href":"https:\/\/agencerozo.fr\/index.php\/wp-json\/wp\/v2\/pages\/34","targetHints":{"allow":["GET"]}}],"collection":[{"href":"https:\/\/agencerozo.fr\/index.php\/wp-json\/wp\/v2\/pages"}],"about":[{"href":"https:\/\/agencerozo.fr\/index.php\/wp-json\/wp\/v2\/types\/page"}],"author":[{"embeddable":true,"href":"https:\/\/agencerozo.fr\/index.php\/wp-json\/wp\/v2\/users\/1"}],"replies":[{"embeddable":true,"href":"https:\/\/agencerozo.fr\/index.php\/wp-json\/wp\/v2\/comments?post=34"}],"version-history":[{"count":45,"href":"https:\/\/agencerozo.fr\/index.php\/wp-json\/wp\/v2\/pages\/34\/revisions"}],"predecessor-version":[{"id":248,"href":"https:\/\/agencerozo.fr\/index.php\/wp-json\/wp\/v2\/pages\/34\/revisions\/248"}],"wp:attachment":[{"href":"https:\/\/agencerozo.fr\/index.php\/wp-json\/wp\/v2\/media?parent=34"}],"curies":[{"name":"wp","href":"https:\/\/api.w.org\/{rel}","templated":true}]}}